{"id":1484,"date":"2023-06-19T16:33:28","date_gmt":"2023-06-19T20:33:28","guid":{"rendered":"https:\/\/trajetoja.org\/liens-utiles\/"},"modified":"2023-06-26T15:56:54","modified_gmt":"2023-06-26T19:56:54","slug":"useful-links","status":"publish","type":"page","link":"https:\/\/trajetoja.org\/en\/useful-links\/","title":{"rendered":"Useful Links"},"content":{"rendered":"\n<h1 class=\"wp-block-heading\">Useful Links<\/h1>\n\n\n\n<div class=\"wp-block-aab-accordion-block aab__accordion_container\" style=\"border:1px solid #cccccc;margin-top:0px;margin-bottom:15px;border-radius:0px\"><div class=\"aab__accordion_head aab_right_icon\" data-active=\"false\" style=\"color:#5c165b;background-color:transparent;padding:10px 15px 10px 15px\"><div class=\"aab__accordion_heading aab_right_icon\"><h4 class=\"aab__accordion_title\" style=\"margin:0;color:#5c165b\">Justice<\/h4><\/div><div class=\"aab__accordion_icon\" style=\"color:#333333;background-color:transparent\"><span class=\"aab__icon dashicons dashicons-plus-alt2\"><\/span><\/div><\/div><div class=\"aab__accordion_body \" role=\"region\" style=\"background-color:transparent;border-top:1px solid #cccccc;padding:10px 15px 10px 15px\">\n<p>\u2022&nbsp;<a href=\"https:\/\/www.ciusss-centresudmtl.gouv.qc.ca\/nos-installations\/centre-de-protection-de-l-enfance-et-de-la-jeunesse\/\">Centre int\u00e9gr\u00e9 universitaire de sant\u00e9 et de services sociaux (CIUSSS) du Centre-Sud de l\u2019\u00cele-de-Montr\u00e9al<\/a><br>\u2022&nbsp;<a href=\"http:\/\/www.batshaw.qc.ca\/\">Centres de la jeunesse et de la famille Batshaw (services en anglais)<\/a><br>\u2022&nbsp;<a href=\"http:\/\/www.assojaq.org\/\">Association des organismes de justice alternative du Qu\u00e9bec (ASSOJAQ)<\/a><br>\u2022&nbsp;<a href=\"http:\/\/www.ccjm.qc.ca\/\">Centre communautaire juridique de Montr\u00e9al<\/a><br>\u2022&nbsp;<a href=\"http:\/\/www.cdpdj.qc.ca\/fr\/Pages\/default.aspx\">Commission des droits de la personne et des droits de la jeunesse<\/a><br>\u2022&nbsp;<a href=\"https:\/\/www.educaloi.qc.ca\/lsjpa\">\u00c9ducaloi<\/a><br>\u2022&nbsp;<a href=\"https:\/\/www.justice.gouv.qc.ca\/programmes-et-services\/programmes\/programme-de-mesures-de-rechange-general-pour-adultes\/\">Programme de mesures de rechange g\u00e9n\u00e9ral pour adultes<\/a><\/p>\n<\/div><\/div>\n\n\n\n<div class=\"wp-block-aab-accordion-block aab__accordion_container\" style=\"border:1px solid #cccccc;margin-top:0px;margin-bottom:15px;border-radius:0px\"><div class=\"aab__accordion_head aab_right_icon\" data-active=\"false\" style=\"color:#5c165b;background-color:transparent;padding:10px 15px 10px 15px\"><div class=\"aab__accordion_heading aab_right_icon\"><h4 class=\"aab__accordion_title\" style=\"margin:0;color:#5c165b\">Mediation<\/h4><\/div><div class=\"aab__accordion_icon\" style=\"color:#333333;background-color:transparent\"><span class=\"aab__icon dashicons dashicons-plus-alt2\"><\/span><\/div><\/div><div class=\"aab__accordion_body \" role=\"region\" style=\"background-color:transparent;border-top:1px solid #cccccc;padding:10px 15px 10px 15px\">\n<p>\u2022&nbsp;<a href=\"http:\/\/www.cairn.info\/revue-informations-sociales-2012-2-page-11.htm\">Ben Mrad, F. (2012)&nbsp;<em>D\u00e9finir la m\u00e9diation parmi les modes alternatifs de r\u00e9gulation des conflits.<\/em>&nbsp;\u00ab Informations sociales \u00bb 2012\/2 n\u00b0 170 | p.11-19<\/a><br>\u2022&nbsp;<a href=\"http:\/\/www.cairn.info\/revue-n%C3%A9gociations-2006-1-page.51.htm\">Ben Mrad, F. (2006)&nbsp;<em>\u00c9quit\u00e9, neutralit\u00e9, responsabilit\u00e9. \u00c0 propos des principes de la m\u00e9diation.<\/em>&nbsp;N\u00e9gociations 1\/2006 (no. 5), p.51-65<\/a><br>\u2022&nbsp;<a href=\"http:\/\/www.asrsq.ca\/fr\/salle\/porte-ouverte\/1502\/salle_por_150210.php\">Cario, Robert, (2015)&nbsp;<em>La justice restaurative en France : premier anniversaire de l\u2019entr\u00e9e en vigueur de la Loi Taubira.<\/em>&nbsp;Le Porte ouverte, vol. 28, no. 1, 2015 Une approche diff\u00e9rente : la justice r\u00e9paratrice \/ restaurative.<\/a><br>\u2022&nbsp;<a href=\"http:\/\/www.erudit.org\/revue\/nps\/2009\/v21\/n2\/038963ar.pdf\">Gauthier, Benoit (2010)&nbsp;<em>La m\u00e9diation p\u00e9nale, une pratique qu\u00e9b\u00e9coise.<\/em>&nbsp;Revue Nouvelles Pratiques Sociales (NPS), vol. 21, no. 2, p. 77-92.<\/a><br>\u2022&nbsp;<a href=\"http:\/\/www.erudit.org\/revue\/nps\/2009\/v21\/n2\/038964ar.pdf\">Jaccoud, Myl\u00e8ne (2010)&nbsp;<em>Origines et fondements de la m\u00e9diation sociale au Qu\u00e9bec : un double ancrage.<\/em>Nouvelles Pratiques Sociales (NPS), vol. 21, no. 2, p.93-108.<\/a><br>\u2022&nbsp;<a href=\"http:\/\/trajetoja.org\/liens-utiles\/http%20:\/\/champpenal.revues.org\/1269\">Jaccoud, Myl\u00e8ne (2007).&nbsp;<em>Innovations p\u00e9nales et justice r\u00e9paratrice.<\/em>&nbsp;Champ p\u00e9nal \/ Penal field, nouvelle revue internationale de criminologie [En ligne], S\u00e9minaire Innovations P\u00e9nales, La justice, ses formes et ses mod\u00e8les<\/a><br>\u2022&nbsp;<a href=\"https:\/\/imimediation.org\/\">International Mediation Institute,&nbsp;<em>Mediation is.<\/em><\/a><br>\u2022&nbsp;<a href=\"http:\/\/www.espritcritique.fr\/0603\/esp0603sommaire.pdf\">Luison L. et Valastro O.M. (2004)&nbsp;<em>Dossier th\u00e9matique : La m\u00e9diation sociale : r\u00e9solution alternative des conflits et reconstruction des liens sociaux.<\/em>&nbsp;Esprit Critique, \u00e9t\u00e9 2004 \u2013 vol. 06, no. 3.<\/a><br>\u2022&nbsp;<a href=\"http:\/\/www.nafcm.org\/\">National Association for Community Mediation (NAFCM), (2012).&nbsp;<em>The state of community mediation.<\/em><\/a><br>\u2022&nbsp;<a href=\"http:\/\/www.cairn.info\/revue-informations-sociales-2012-2-pages-82.htm\">St\u00e9b\u00e9, J.M. (2012)&nbsp;<em>La m\u00e9diation sociale au c\u0153ur de la \u00ab crise urbaine \u00bb.<\/em>&nbsp;Informations Sociales, 02-2012, no. 170, p.82-88<\/a><\/p>\n<\/div><\/div>\n\n\n\n<div class=\"wp-block-aab-accordion-block aab__accordion_container\" style=\"border:1px solid #cccccc;margin-top:0px;margin-bottom:15px;border-radius:0px\"><div class=\"aab__accordion_head aab_right_icon\" data-active=\"false\" style=\"color:#5c165b;background-color:transparent;padding:10px 15px 10px 15px\"><div class=\"aab__accordion_heading aab_right_icon\"><h4 class=\"aab__accordion_title\" style=\"margin:0;color:#5c165b\">Help line<\/h4><\/div><div class=\"aab__accordion_icon\" style=\"color:#333333;background-color:transparent\"><span class=\"aab__icon dashicons dashicons-plus-alt2\"><\/span><\/div><\/div><div class=\"aab__accordion_body \" role=\"region\" style=\"background-color:transparent;border-top:1px solid #cccccc;padding:10px 15px 10px 15px\">\n<p>\u2022 D\u00e9prim\u00e9s anonymes : 514 278-2130<br>\u2022 Gai \u00e9coute : 514 866-0103<br>\u2022 Info-jeunes : 1 888 240-2212<br>\u2022 Jeunesse j\u2019\u00e9coute : 1800 668-6868<br>\u2022 SOS violence conjugale : 1 800 363-9010<br>\u2022 Suicide action Montr\u00e9al : 1 866 277-3553<br>\u2022 Tel-aide : 514 935-1101<br>\u2022 Tel-\u00e9coute : 514 493-4484<br>\u2022 Tel-a\u00een\u00e9s : 514 353-2463<br>\u2022 Tel-jeunes : 1 800 263-2266 ; par texto : 514 600-1002<br>\u2022 Al-anon\/alateen : 514 866-9803<br>\u2022 Alcooliques anonymes Montr\u00e9al : 514 376-9230<br>\u2022 Centre de r\u00e9adaptation en d\u00e9pendance de Montr\u00e9al : 514 385-1232<br>\u2022 Drogue : aide et r\u00e9f\u00e9rence : 514 527-2626<br>\u2022 Jeu : aide et r\u00e9f\u00e9rence : 514 527-0140<br>\u2022 Narcotiques anonymes : 514 249-0555<\/p>\n<\/div><\/div>\n\n\n\n<div class=\"wp-block-aab-accordion-block aab__accordion_container\" style=\"border:1px solid #cccccc;margin-top:0px;margin-bottom:15px;border-radius:0px\"><div class=\"aab__accordion_head aab_right_icon\" data-active=\"false\" style=\"color:#5c165b;background-color:transparent;padding:10px 15px 10px 15px\"><div class=\"aab__accordion_heading aab_right_icon\"><h4 class=\"aab__accordion_title\" style=\"margin:0;color:#5c165b\">Partner Organizations<\/h4><\/div><div class=\"aab__accordion_icon\" style=\"color:#333333;background-color:transparent\"><span class=\"aab__icon dashicons dashicons-plus-alt2\"><\/span><\/div><\/div><div class=\"aab__accordion_body \" role=\"region\" style=\"background-color:transparent;border-top:1px solid #cccccc;padding:10px 15px 10px 15px\">\n<p>\u2022&nbsp;<a href=\"http:\/\/www.adamacanada.org\/\">Association de d\u00e9veloppement des arts martiaux adapt\u00e9s (ADAMA)<\/a><br>\u2022&nbsp;<a href=\"http:\/\/www.dysphasieplus.com\/\">Association Dysphasie +<\/a><br>\u2022&nbsp;<a href=\"http:\/\/www.bcj14-25.org\/\">Bureau de consultation jeunesse<\/a><br>\u2022&nbsp;<a href=\"http:\/\/www.capstbarnabe.org\/\">Carrefour d\u2019Alimentation et de Partage Saint-Barnab\u00e9<\/a><br>\u2022&nbsp;<a href=\"http:\/\/www.cje-centrenord.com\/\">Carrefour jeunesse-emploi (CJE) Centre nord<\/a><br>\u2022&nbsp;<a href=\"http:\/\/www.cade-web.org\/\">Centre africain de d\u00e9veloppement et d\u2019entraide<\/a><br>\u2022&nbsp;<a href=\"http:\/\/www.centreaspa.com\/Accueil.html\">Centre Approche S\u00e9curisante des Polytoxicomanes Anonymes (ASPA)<\/a><br>\u2022&nbsp;<a href=\"http:\/\/www.centreboncourage.org\/\">Centre Communautaire Bon Courage de Place Beno\u00eet<\/a><br>\u2022&nbsp;<a href=\"https:\/\/jeannemance.ciusss-centresudmtl.gouv.qc.ca\/\/votre-csss\/\">Centre de sant\u00e9 et de services sociaux Jeanne-Mance<\/a><br>\u2022&nbsp;<a href=\"http:\/\/ainesvilleray.com\/\">Centre des A\u00een\u00e9s de Villeray<\/a><br>\u2022&nbsp;<a href=\"http:\/\/www.crcsstzotique.ca\/\">Centre R\u00e9cr\u00e9atif, culturel et sportif St-Zotique<\/a><br>\u2022&nbsp;<a href=\"http:\/\/www.chapop.ca\/\">Chantier d\u2019apprentissage optimal (CHAPOP)<\/a><br>\u2022&nbsp;<a href=\"http:\/\/www.clubdeboxe.org\/\">Club de boxe de l\u2019Est<\/a><br>\u2022&nbsp;<a href=\"http:\/\/www.espace-temps.ca\/\">Coop\u00e9rative de sant\u00e9 Espace-Temps<\/a><br>\u2022&nbsp;<a href=\"http:\/\/www.coupdepoucejeunesse.com\/\">Coup de pouce jeunesse Montr\u00e9al-Nord<\/a><br>\u2022&nbsp;<a href=\"http:\/\/www.pitchounet.org\/\">CPE Le Pitchounet<\/a><br>\u2022&nbsp;<a href=\"http:\/\/www.ecoreno.com\/\">\u00c9co-R\u00e9no<\/a><br>\u2022&nbsp;<a href=\"http:\/\/www.interactionfamille.ca\/\">Interaction Famille Hochelaga-Maisonneuve<\/a><br>\u2022&nbsp;<a href=\"http:\/\/www.benedictlabre.org\/newsite\/\">La maison Beno\u00eet Labre<\/a><br>\u2022&nbsp;<a href=\"http:\/\/www.lmpy.ca\/\">La Maison du Partage d\u2019Youville<\/a><br>\u2022&nbsp;<a href=\"http:\/\/www.placedesenfants.ca\/\">La Place des Enfants<\/a><br>\u2022&nbsp;<a href=\"http:\/\/www.lechorra.org\/\">Le centre humanitaire d\u2019organisation de ressources et de r\u00e9f\u00e9rence d\u2019Anjou (CHORRA)<\/a><br>\u2022&nbsp;<a href=\"http:\/\/relaisdubout.org\/\">Le relais du bout<\/a><br>\u2022&nbsp;<a href=\"http:\/\/www.maisondelafamilledestmichel.com\/\">Maison de la Famille de St-Michel Inc.<\/a><br>\u2022&nbsp;<a href=\"http:\/\/www.mqv.qc.ca\/\">Maison de Quartier Villeray<\/a><br>\u2022&nbsp;<a href=\"http:\/\/missionbonaccueil.com\/\">Mission Bon Accueil<\/a><br>\u2022&nbsp;<a href=\"http:\/\/www.multicaf.org\/\">MultiCaf, caf\u00e9t\u00e9ria communautaire et banque alimentaire<\/a><br>\u2022&nbsp;<a href=\"http:\/\/oxy-jeunes.com\/\">Oxy-jeunes<\/a><br>\u2022&nbsp;<a href=\"http:\/\/www.pactderue.org\/\">PACT de rue<\/a><br>\u2022&nbsp;<a href=\"http:\/\/santropolroulant.org\/fr\/\">Santropol Roulant<\/a><br>\u2022&nbsp;<a href=\"http:\/\/lesnac.com\/web\/\">Service de nutrition et d\u2019action communautaire (SNAC)<\/a><br>\u2022&nbsp;<a href=\"http:\/\/www.cancer.ca\/en\/?region=qc\">Soci\u00e9t\u00e9 canadienne du cancer<\/a><br>\u2022&nbsp;<a href=\"http:\/\/www.johnbrebeuf.ca\/\">St. John Brebeuf Parish<\/a><br>\u2022&nbsp;<a href=\"http:\/\/viomax.ca\/\">Viomax<\/a><br>\u2022&nbsp;<a href=\"http:\/\/zootherapiequebec.ca\/\">Zooth\u00e9rapie Qu\u00e9bec<\/a><\/p>\n<\/div><\/div>\n\n\n\n<div class=\"wp-block-aab-accordion-block aab__accordion_container\" style=\"border:1px solid #cccccc;margin-top:0px;margin-bottom:15px;border-radius:0px\"><div class=\"aab__accordion_head aab_right_icon\" data-active=\"false\" style=\"color:#5c165b;background-color:transparent;padding:10px 15px 10px 15px\"><div class=\"aab__accordion_heading aab_right_icon\"><h4 class=\"aab__accordion_title\" style=\"margin:0;color:#5c165b\">Prevention And Assistance<\/h4><\/div><div class=\"aab__accordion_icon\" style=\"color:#333333;background-color:transparent\"><span class=\"aab__icon dashicons dashicons-plus-alt2\"><\/span><\/div><\/div><div class=\"aab__accordion_body \" role=\"region\" style=\"background-color:transparent;border-top:1px solid #cccccc;padding:10px 15px 10px 15px\">\n<p>\u2022&nbsp;<a href=\"http:\/\/www.jeunessejecoute.ca\/teens\/home\/splash.aspx\">Jeunesse \u00e9coute<\/a><br>\u2022&nbsp;<a href=\"https:\/\/www.cyberaide.ca\/app\/fr\/\">Cyberaide<\/a><br>\u2022&nbsp;<a href=\"https:\/\/cobp.resist.ca\/\">Collectif oppos\u00e9 \u00e0 la brutalit\u00e9 polici\u00e8re<\/a><br>\u2022&nbsp;<a href=\"http:\/\/www.toxquebec.com\/accueil.html%22%22\">Toxqu\u00e9bec (r\u00e9f\u00e9rence qu\u00e9b\u00e9coise en toxicomanie)<\/a><br>\u2022&nbsp;<a href=\"http:\/\/www.bewebaware.ca\/french\/default.html\">Web averti<\/a><br>\u2022&nbsp;<a href=\"http:\/\/www.sq.gouv.qc.ca\/cybercriminalite\/cybercriminalite-surete-du-quebec.jsp\">Cybercriminalit\u00e9<\/a><br>\u2022&nbsp;<a href=\"http:\/\/www.justice.gouv.qc.ca\/francais\/jeu_seulevie\/fr\/index.htm\">Loi, le jeu o\u00f9 tu n\u2019as qu\u2019une seule vie (jeu pour mieux comprendre la LSJPA)<\/a><\/p>\n<\/div><\/div>\n\n\n\n<div class=\"wp-block-aab-accordion-block aab__accordion_container\" style=\"border:1px solid #cccccc;margin-top:0px;margin-bottom:15px;border-radius:0px\"><div class=\"aab__accordion_head aab_right_icon\" data-active=\"false\" style=\"color:#5c165b;background-color:transparent;padding:10px 15px 10px 15px\"><div class=\"aab__accordion_heading aab_right_icon\"><h4 class=\"aab__accordion_title\" style=\"margin:0;color:#5c165b\">Prevention And Assistance For Victims<\/h4><\/div><div class=\"aab__accordion_icon\" style=\"color:#333333;background-color:transparent\"><span class=\"aab__icon dashicons dashicons-plus-alt2\"><\/span><\/div><\/div><div class=\"aab__accordion_body \" role=\"region\" style=\"background-color:transparent;border-top:1px solid #cccccc;padding:10px 15px 10px 15px\">\n<p>\u2022&nbsp;<a href=\"http:\/\/www.cavac.qc.ca\/regions\/montreal\/accueil.html\">Centre d\u2019aide aux victimes d\u2019actes criminels (CAVAC)<\/a><br>\u2022&nbsp;<a href=\"http:\/\/www.ivac.qc.ca\/index.asp\">Direction de l\u2019indemnisation des victimes d\u2019actes criminels (IVAC)<\/a><br>\u2022&nbsp;<a href=\"http:\/\/www.aqpv.ca\/\">Association qu\u00e9b\u00e9coise plaidoyer-victimes (AQPV)<\/a><br>\u2022&nbsp;<a href=\"http:\/\/www.cpsquebec.ca\/\">Centre de pr\u00e9vention du suicide<\/a><br>\u2022&nbsp;<a href=\"http:\/\/www.rqcalacs.qc.ca\/\">Centres d\u2019aide et de lutte contre les agressions \u00e0 caract\u00e8re sexuel<\/a><br>\u2022&nbsp;<a href=\"http:\/\/www.justice.gouv.qc.ca\/francais\/publications\/generale\/creance.htm\">Cour des petites cr\u00e9ances<\/a><br>\u2022&nbsp;<a href=\"http:\/\/www.savoirprevenir.com\/fr\/\">Savoir pr\u00e9venir (introduction par effraction, vol de v\u00e9hicule et vols de biens dans les v\u00e9hicules)<\/a><br>\u2022&nbsp;<a href=\"http:\/\/www.msss.gouv.qc.ca\/sujets\/prob_sociaux\/agression_sexuelle\/index.php?aide-aux-victimes\">Aide aux victimes d\u2019agression sexuelle par le minist\u00e8re de la Sant\u00e9 et des Services Sociaux<\/a><\/p>\n<\/div><\/div>\n","protected":false},"excerpt":{"rendered":"<p>Useful Links<\/p>\n","protected":false},"author":1,"featured_media":0,"parent":0,"menu_order":0,"comment_status":"closed","ping_status":"closed","template":"","meta":[],"acf":[],"yoast_head":"<!-- This site is optimized with the Yoast SEO plugin v21.7 - https:\/\/yoast.com\/wordpress\/plugins\/seo\/ -->\n<title>Useful Links - TrajetOJA<\/title>\n<meta name=\"robots\" content=\"index, follow, max-snippet:-1, max-image-preview:large, max-video-preview:-1\" \/>\n<link rel=\"canonical\" href=\"https:\/\/trajetoja.org\/en\/useful-links\/\" \/>\n<meta property=\"og:locale\" content=\"en_US\" \/>\n<meta property=\"og:type\" content=\"article\" \/>\n<meta property=\"og:title\" content=\"Useful Links - TrajetOJA\" \/>\n<meta property=\"og:description\" content=\"Useful Links\" \/>\n<meta property=\"og:url\" content=\"https:\/\/trajetoja.org\/en\/useful-links\/\" \/>\n<meta property=\"og:site_name\" content=\"TrajetOJA\" \/>\n<meta property=\"article:modified_time\" content=\"2023-06-26T19:56:54+00:00\" \/>\n<meta name=\"twitter:card\" content=\"summary_large_image\" \/>\n<script type=\"application\/ld+json\" class=\"yoast-schema-graph\">{\"@context\":\"https:\/\/schema.org\",\"@graph\":[{\"@type\":\"WebPage\",\"@id\":\"https:\/\/trajetoja.org\/en\/useful-links\/\",\"url\":\"https:\/\/trajetoja.org\/en\/useful-links\/\",\"name\":\"Useful Links - TrajetOJA\",\"isPartOf\":{\"@id\":\"https:\/\/trajetoja.org\/en\/#website\"},\"datePublished\":\"2023-06-19T20:33:28+00:00\",\"dateModified\":\"2023-06-26T19:56:54+00:00\",\"breadcrumb\":{\"@id\":\"https:\/\/trajetoja.org\/en\/useful-links\/#breadcrumb\"},\"inLanguage\":\"en-US\",\"potentialAction\":[{\"@type\":\"ReadAction\",\"target\":[\"https:\/\/trajetoja.org\/en\/useful-links\/\"]}]},{\"@type\":\"BreadcrumbList\",\"@id\":\"https:\/\/trajetoja.org\/en\/useful-links\/#breadcrumb\",\"itemListElement\":[{\"@type\":\"ListItem\",\"position\":1,\"name\":\"Accueil\",\"item\":\"https:\/\/trajetoja.org\/en\/\"},{\"@type\":\"ListItem\",\"position\":2,\"name\":\"Useful Links\"}]},{\"@type\":\"WebSite\",\"@id\":\"https:\/\/trajetoja.org\/en\/#website\",\"url\":\"https:\/\/trajetoja.org\/en\/\",\"name\":\"TrajetOJA\",\"description\":\"LSJPA\",\"publisher\":{\"@id\":\"https:\/\/trajetoja.org\/en\/#organization\"},\"potentialAction\":[{\"@type\":\"SearchAction\",\"target\":{\"@type\":\"EntryPoint\",\"urlTemplate\":\"https:\/\/trajetoja.org\/en\/?s={search_term_string}\"},\"query-input\":\"required name=search_term_string\"}],\"inLanguage\":\"en-US\"},{\"@type\":\"Organization\",\"@id\":\"https:\/\/trajetoja.org\/en\/#organization\",\"name\":\"TrajetOJA\",\"url\":\"https:\/\/trajetoja.org\/en\/\",\"logo\":{\"@type\":\"ImageObject\",\"inLanguage\":\"en-US\",\"@id\":\"https:\/\/trajetoja.org\/en\/#\/schema\/logo\/image\/\",\"url\":\"https:\/\/trajetoja.org\/wp-content\/uploads\/2023\/06\/cropped-Logo-Trajet-2010-en-tete.png\",\"contentUrl\":\"https:\/\/trajetoja.org\/wp-content\/uploads\/2023\/06\/cropped-Logo-Trajet-2010-en-tete.png\",\"width\":116,\"height\":116,\"caption\":\"TrajetOJA\"},\"image\":{\"@id\":\"https:\/\/trajetoja.org\/en\/#\/schema\/logo\/image\/\"}}]}<\/script>\n<!-- \/ Yoast SEO plugin. -->","yoast_head_json":{"title":"Useful Links - TrajetOJA","robots":{"index":"index","follow":"follow","max-snippet":"max-snippet:-1","max-image-preview":"max-image-preview:large","max-video-preview":"max-video-preview:-1"},"canonical":"https:\/\/trajetoja.org\/en\/useful-links\/","og_locale":"en_US","og_type":"article","og_title":"Useful Links - TrajetOJA","og_description":"Useful Links","og_url":"https:\/\/trajetoja.org\/en\/useful-links\/","og_site_name":"TrajetOJA","article_modified_time":"2023-06-26T19:56:54+00:00","twitter_card":"summary_large_image","schema":{"@context":"https:\/\/schema.org","@graph":[{"@type":"WebPage","@id":"https:\/\/trajetoja.org\/en\/useful-links\/","url":"https:\/\/trajetoja.org\/en\/useful-links\/","name":"Useful Links - TrajetOJA","isPartOf":{"@id":"https:\/\/trajetoja.org\/en\/#website"},"datePublished":"2023-06-19T20:33:28+00:00","dateModified":"2023-06-26T19:56:54+00:00","breadcrumb":{"@id":"https:\/\/trajetoja.org\/en\/useful-links\/#breadcrumb"},"inLanguage":"en-US","potentialAction":[{"@type":"ReadAction","target":["https:\/\/trajetoja.org\/en\/useful-links\/"]}]},{"@type":"BreadcrumbList","@id":"https:\/\/trajetoja.org\/en\/useful-links\/#breadcrumb","itemListElement":[{"@type":"ListItem","position":1,"name":"Accueil","item":"https:\/\/trajetoja.org\/en\/"},{"@type":"ListItem","position":2,"name":"Useful Links"}]},{"@type":"WebSite","@id":"https:\/\/trajetoja.org\/en\/#website","url":"https:\/\/trajetoja.org\/en\/","name":"TrajetOJA","description":"LSJPA","publisher":{"@id":"https:\/\/trajetoja.org\/en\/#organization"},"potentialAction":[{"@type":"SearchAction","target":{"@type":"EntryPoint","urlTemplate":"https:\/\/trajetoja.org\/en\/?s={search_term_string}"},"query-input":"required name=search_term_string"}],"inLanguage":"en-US"},{"@type":"Organization","@id":"https:\/\/trajetoja.org\/en\/#organization","name":"TrajetOJA","url":"https:\/\/trajetoja.org\/en\/","logo":{"@type":"ImageObject","inLanguage":"en-US","@id":"https:\/\/trajetoja.org\/en\/#\/schema\/logo\/image\/","url":"https:\/\/trajetoja.org\/wp-content\/uploads\/2023\/06\/cropped-Logo-Trajet-2010-en-tete.png","contentUrl":"https:\/\/trajetoja.org\/wp-content\/uploads\/2023\/06\/cropped-Logo-Trajet-2010-en-tete.png","width":116,"height":116,"caption":"TrajetOJA"},"image":{"@id":"https:\/\/trajetoja.org\/en\/#\/schema\/logo\/image\/"}}]}},"_links":{"self":[{"href":"https:\/\/trajetoja.org\/en\/wp-json\/wp\/v2\/pages\/1484"}],"collection":[{"href":"https:\/\/trajetoja.org\/en\/wp-json\/wp\/v2\/pages"}],"about":[{"href":"https:\/\/trajetoja.org\/en\/wp-json\/wp\/v2\/types\/page"}],"author":[{"embeddable":true,"href":"https:\/\/trajetoja.org\/en\/wp-json\/wp\/v2\/users\/1"}],"replies":[{"embeddable":true,"href":"https:\/\/trajetoja.org\/en\/wp-json\/wp\/v2\/comments?post=1484"}],"version-history":[{"count":2,"href":"https:\/\/trajetoja.org\/en\/wp-json\/wp\/v2\/pages\/1484\/revisions"}],"predecessor-version":[{"id":1487,"href":"https:\/\/trajetoja.org\/en\/wp-json\/wp\/v2\/pages\/1484\/revisions\/1487"}],"wp:attachment":[{"href":"https:\/\/trajetoja.org\/en\/wp-json\/wp\/v2\/media?parent=1484"}],"curies":[{"name":"wp","href":"https:\/\/api.w.org\/{rel}","templated":true}]}}