{"id":1489,"date":"2023-06-19T16:46:20","date_gmt":"2023-06-19T20:46:20","guid":{"rendered":"https:\/\/trajetoja.org\/publications\/"},"modified":"2023-06-26T15:59:12","modified_gmt":"2023-06-26T19:59:12","slug":"publications","status":"publish","type":"page","link":"https:\/\/trajetoja.org\/en\/publications\/","title":{"rendered":"Publications"},"content":{"rendered":"\n<h3 class=\"wp-block-heading\">Trajet.com, Trajet\u2019s newsletter<\/h3>\n\n\n\n<p><a href=\"http:\/\/trajetoja.org\/wp-content\/uploads\/2016\/12\/2016-Automne-TrajetCom.pdf\">Trajet.com, automne 2016<\/a><\/p>\n\n\n\n<p><a href=\"http:\/\/trajetoja.org\/wp-content\/uploads\/2016\/10\/TrajetCom_printemps2016.pdf\">Trajet.com, printemps 2016<\/a><\/p>\n\n\n\n<p><a href=\"http:\/\/trajetoja.org\/wp-content\/uploads\/2016\/05\/TrajetCom_Automne2015.pdf\">Trajet.com, automne 2015<\/a><\/p>\n\n\n\n<p><a href=\"http:\/\/trajetoja.org\/wp-content\/uploads\/2016\/05\/TrajetCom_printemps2015.pdf\">Trajet.com, printemps 2015<\/a><\/p>\n\n\n\n<p><a href=\"http:\/\/trajetoja.org\/wp-content\/uploads\/2016\/05\/TrajetCom_automne2014.pdf\">Trajet.com, automne 2014<\/a><\/p>\n\n\n\n<p><a href=\"http:\/\/trajetoja.org\/wp-content\/uploads\/2016\/05\/TrajetCom_printemps2014.pdf\">Trajet.com, printemps 2014<\/a><\/p>\n\n\n\n<h3 class=\"wp-block-heading\">Annual Reports of Trajet Inc.<\/h3>\n\n\n\n<p><a href=\"http:\/\/trajetoja.org\/wp-content\/uploads\/2019\/08\/Rapport-annuel_2018-2019.pdf\">Rapport d&#8217;activit\u00e9s 2018-2019<\/a><\/p>\n\n\n\n<p><a href=\"http:\/\/trajetoja.org\/wp-content\/uploads\/2018\/11\/rapport-activites_2017-2018.pdf\">Rapport d&#8217;activit\u00e9s 2017-2018<\/a><\/p>\n\n\n\n<p><a href=\"http:\/\/trajetoja.org\/wp-content\/uploads\/2017\/03\/Rapport_annuel_2016-2017.pdf\">Rapport d&#8217;activit\u00e9s 2016-2017<\/a><\/p>\n\n\n\n<p><a href=\"http:\/\/trajetoja.org\/wp-content\/uploads\/2016\/05\/rapport-activites_2015-2016.pdf\">Rapport d&#8217;activit\u00e9s 2015-2016<\/a><\/p>\n\n\n\n<p><a href=\"http:\/\/trajetoja.org\/wp-content\/uploads\/2016\/05\/rapport-activites_2015-2016.pdf\">Ra<\/a><a href=\"http:\/\/trajetoja.org\/wp-content\/uploads\/2016\/05\/Rapport_activites_2014-2015.pdf\">pport d&#8217;activit\u00e9s 2014-2015<\/a><\/p>\n\n\n\n<p><a href=\"http:\/\/trajetoja.org\/wp-content\/uploads\/2017\/02\/Rapport_activites_2013-2014.pdf\">Rapport d&#8217;activit\u00e9s 2013-2014<\/a><\/p>\n\n\n\n<p><a href=\"http:\/\/trajetoja.org\/wp-content\/uploads\/2017\/02\/Rapport_statistique_2013-2014.pdf\">Rapport statistique 2013-2014<\/a><\/p>\n\n\n\n<p><a href=\"http:\/\/trajetoja.org\/wp-content\/uploads\/2017\/02\/Rapport_activites_2012-2013.pdf\">Rapport d&#8217;activit\u00e9s 2012-2013<\/a><\/p>\n\n\n\n<p><a href=\"http:\/\/trajetoja.org\/wp-content\/uploads\/2017\/02\/Rapport_statistique_2012-2013.pdf\">Rapport statistique 2012-2013<\/a><\/p>\n\n\n\n<h3 class=\"wp-block-heading\">Audio Documents<\/h3>\n\n\n\n<p>Entrevue d&#8217;Hugo Lavoie avec une victime de vol et le jeune contrevenant, qui ont particip\u00e9 \u00e0 un processus de m\u00e9diation p\u00e9nale \u00e0 Trajet. Extrait de l&#8217;\u00e9mission C&#8217;est pas trop t\u00f4t ! de Marie-France Bazzo, diffus\u00e9e le 6 janvier 2014 sur Ici-Radio-Canada.<\/p>\n\n\n\n<figure class=\"wp-block-audio\"><audio controls src=\"http:\/\/trajetoja.org\/wp-content\/uploads\/2017\/02\/IRC_Hugo-Lavoie_Mediation_06012014.mp3\"><\/audio><\/figure>\n\n\n\n<p>La m\u00e9diation citoyenne. Entrevue avec Lise Tremblay, m\u00e9diatrice \u00e0 Trajet. Radio Ville-Marie, 29 mars 2012.<\/p>\n\n\n\n<figure class=\"wp-block-audio\"><audio controls src=\"http:\/\/trajetoja.org\/wp-content\/uploads\/2017\/02\/Ville-Marie_Mediation_29-03-2012.mp3\"><\/audio><\/figure>\n\n\n\n<h3 class=\"wp-block-heading\">Press Articles<\/h3>\n\n\n\n<p><a href=\"http:\/\/trajetoja.org\/wp-content\/uploads\/2017\/02\/Mediaction_Journal-Rosemont_10-04-2012.pdf\">M\u00e9diaction, service de m\u00e9diation citoyenne de Trajet, Journal de Rosemont, 10 avril 2012<\/a><\/p>\n\n\n\n<p><a href=\"http:\/\/trajetoja.org\/wp-content\/uploads\/2017\/02\/Mediaction_Metro_mars-2012.pdf\">M\u00e9diaction, service de m\u00e9diation citoyenne de Trajet, M\u00e9tro, mars 2012<\/a><\/p>\n","protected":false},"excerpt":{"rendered":"<p>Trajet.com, Trajet\u2019s newsletter Trajet.com, automne 2016 Trajet.com, printemps 2016 Trajet.com, automne 2015 Trajet.com, printemps 2015 Trajet.com, automne 2014 Trajet.com, printemps 2014 Annual Reports of Trajet Inc. Rapport d&#8217;activit\u00e9s 2018-2019 Rapport d&#8217;activit\u00e9s 2017-2018 Rapport d&#8217;activit\u00e9s 2016-2017 Rapport d&#8217;activit\u00e9s 2015-2016 Rapport d&#8217;activit\u00e9s 2014-2015 Rapport d&#8217;activit\u00e9s 2013-2014 Rapport statistique 2013-2014 Rapport d&#8217;activit\u00e9s 2012-2013 Rapport statistique 2012-2013 Audio Documents [&hellip;]<\/p>\n","protected":false},"author":1,"featured_media":0,"parent":0,"menu_order":0,"comment_status":"closed","ping_status":"closed","template":"","meta":[],"acf":[],"yoast_head":"<!-- This site is optimized with the Yoast SEO plugin v21.7 - https:\/\/yoast.com\/wordpress\/plugins\/seo\/ -->\n<title>Publications - TrajetOJA<\/title>\n<meta name=\"robots\" content=\"index, follow, max-snippet:-1, max-image-preview:large, max-video-preview:-1\" \/>\n<link rel=\"canonical\" href=\"https:\/\/trajetoja.org\/en\/publications\/\" \/>\n<meta property=\"og:locale\" content=\"en_US\" \/>\n<meta property=\"og:type\" content=\"article\" \/>\n<meta property=\"og:title\" content=\"Publications - TrajetOJA\" \/>\n<meta property=\"og:description\" content=\"Trajet.com, Trajet\u2019s newsletter Trajet.com, automne 2016 Trajet.com, printemps 2016 Trajet.com, automne 2015 Trajet.com, printemps 2015 Trajet.com, automne 2014 Trajet.com, printemps 2014 Annual Reports of Trajet Inc. Rapport d&#8217;activit\u00e9s 2018-2019 Rapport d&#8217;activit\u00e9s 2017-2018 Rapport d&#8217;activit\u00e9s 2016-2017 Rapport d&#8217;activit\u00e9s 2015-2016 Rapport d&#8217;activit\u00e9s 2014-2015 Rapport d&#8217;activit\u00e9s 2013-2014 Rapport statistique 2013-2014 Rapport d&#8217;activit\u00e9s 2012-2013 Rapport statistique 2012-2013 Audio Documents [&hellip;]\" \/>\n<meta property=\"og:url\" content=\"https:\/\/trajetoja.org\/en\/publications\/\" \/>\n<meta property=\"og:site_name\" content=\"TrajetOJA\" \/>\n<meta property=\"article:modified_time\" content=\"2023-06-26T19:59:12+00:00\" \/>\n<meta name=\"twitter:card\" content=\"summary_large_image\" \/>\n<script type=\"application\/ld+json\" class=\"yoast-schema-graph\">{\"@context\":\"https:\/\/schema.org\",\"@graph\":[{\"@type\":\"WebPage\",\"@id\":\"https:\/\/trajetoja.org\/en\/publications\/\",\"url\":\"https:\/\/trajetoja.org\/en\/publications\/\",\"name\":\"Publications - TrajetOJA\",\"isPartOf\":{\"@id\":\"https:\/\/trajetoja.org\/en\/#website\"},\"datePublished\":\"2023-06-19T20:46:20+00:00\",\"dateModified\":\"2023-06-26T19:59:12+00:00\",\"breadcrumb\":{\"@id\":\"https:\/\/trajetoja.org\/en\/publications\/#breadcrumb\"},\"inLanguage\":\"en-US\",\"potentialAction\":[{\"@type\":\"ReadAction\",\"target\":[\"https:\/\/trajetoja.org\/en\/publications\/\"]}]},{\"@type\":\"BreadcrumbList\",\"@id\":\"https:\/\/trajetoja.org\/en\/publications\/#breadcrumb\",\"itemListElement\":[{\"@type\":\"ListItem\",\"position\":1,\"name\":\"Accueil\",\"item\":\"https:\/\/trajetoja.org\/en\/\"},{\"@type\":\"ListItem\",\"position\":2,\"name\":\"Publications\"}]},{\"@type\":\"WebSite\",\"@id\":\"https:\/\/trajetoja.org\/en\/#website\",\"url\":\"https:\/\/trajetoja.org\/en\/\",\"name\":\"TrajetOJA\",\"description\":\"LSJPA\",\"publisher\":{\"@id\":\"https:\/\/trajetoja.org\/en\/#organization\"},\"potentialAction\":[{\"@type\":\"SearchAction\",\"target\":{\"@type\":\"EntryPoint\",\"urlTemplate\":\"https:\/\/trajetoja.org\/en\/?s={search_term_string}\"},\"query-input\":\"required name=search_term_string\"}],\"inLanguage\":\"en-US\"},{\"@type\":\"Organization\",\"@id\":\"https:\/\/trajetoja.org\/en\/#organization\",\"name\":\"TrajetOJA\",\"url\":\"https:\/\/trajetoja.org\/en\/\",\"logo\":{\"@type\":\"ImageObject\",\"inLanguage\":\"en-US\",\"@id\":\"https:\/\/trajetoja.org\/en\/#\/schema\/logo\/image\/\",\"url\":\"https:\/\/trajetoja.org\/wp-content\/uploads\/2023\/06\/cropped-Logo-Trajet-2010-en-tete.png\",\"contentUrl\":\"https:\/\/trajetoja.org\/wp-content\/uploads\/2023\/06\/cropped-Logo-Trajet-2010-en-tete.png\",\"width\":116,\"height\":116,\"caption\":\"TrajetOJA\"},\"image\":{\"@id\":\"https:\/\/trajetoja.org\/en\/#\/schema\/logo\/image\/\"}}]}<\/script>\n<!-- \/ Yoast SEO plugin. -->","yoast_head_json":{"title":"Publications - TrajetOJA","robots":{"index":"index","follow":"follow","max-snippet":"max-snippet:-1","max-image-preview":"max-image-preview:large","max-video-preview":"max-video-preview:-1"},"canonical":"https:\/\/trajetoja.org\/en\/publications\/","og_locale":"en_US","og_type":"article","og_title":"Publications - TrajetOJA","og_description":"Trajet.com, Trajet\u2019s newsletter Trajet.com, automne 2016 Trajet.com, printemps 2016 Trajet.com, automne 2015 Trajet.com, printemps 2015 Trajet.com, automne 2014 Trajet.com, printemps 2014 Annual Reports of Trajet Inc. Rapport d&#8217;activit\u00e9s 2018-2019 Rapport d&#8217;activit\u00e9s 2017-2018 Rapport d&#8217;activit\u00e9s 2016-2017 Rapport d&#8217;activit\u00e9s 2015-2016 Rapport d&#8217;activit\u00e9s 2014-2015 Rapport d&#8217;activit\u00e9s 2013-2014 Rapport statistique 2013-2014 Rapport d&#8217;activit\u00e9s 2012-2013 Rapport statistique 2012-2013 Audio Documents [&hellip;]","og_url":"https:\/\/trajetoja.org\/en\/publications\/","og_site_name":"TrajetOJA","article_modified_time":"2023-06-26T19:59:12+00:00","twitter_card":"summary_large_image","schema":{"@context":"https:\/\/schema.org","@graph":[{"@type":"WebPage","@id":"https:\/\/trajetoja.org\/en\/publications\/","url":"https:\/\/trajetoja.org\/en\/publications\/","name":"Publications - TrajetOJA","isPartOf":{"@id":"https:\/\/trajetoja.org\/en\/#website"},"datePublished":"2023-06-19T20:46:20+00:00","dateModified":"2023-06-26T19:59:12+00:00","breadcrumb":{"@id":"https:\/\/trajetoja.org\/en\/publications\/#breadcrumb"},"inLanguage":"en-US","potentialAction":[{"@type":"ReadAction","target":["https:\/\/trajetoja.org\/en\/publications\/"]}]},{"@type":"BreadcrumbList","@id":"https:\/\/trajetoja.org\/en\/publications\/#breadcrumb","itemListElement":[{"@type":"ListItem","position":1,"name":"Accueil","item":"https:\/\/trajetoja.org\/en\/"},{"@type":"ListItem","position":2,"name":"Publications"}]},{"@type":"WebSite","@id":"https:\/\/trajetoja.org\/en\/#website","url":"https:\/\/trajetoja.org\/en\/","name":"TrajetOJA","description":"LSJPA","publisher":{"@id":"https:\/\/trajetoja.org\/en\/#organization"},"potentialAction":[{"@type":"SearchAction","target":{"@type":"EntryPoint","urlTemplate":"https:\/\/trajetoja.org\/en\/?s={search_term_string}"},"query-input":"required name=search_term_string"}],"inLanguage":"en-US"},{"@type":"Organization","@id":"https:\/\/trajetoja.org\/en\/#organization","name":"TrajetOJA","url":"https:\/\/trajetoja.org\/en\/","logo":{"@type":"ImageObject","inLanguage":"en-US","@id":"https:\/\/trajetoja.org\/en\/#\/schema\/logo\/image\/","url":"https:\/\/trajetoja.org\/wp-content\/uploads\/2023\/06\/cropped-Logo-Trajet-2010-en-tete.png","contentUrl":"https:\/\/trajetoja.org\/wp-content\/uploads\/2023\/06\/cropped-Logo-Trajet-2010-en-tete.png","width":116,"height":116,"caption":"TrajetOJA"},"image":{"@id":"https:\/\/trajetoja.org\/en\/#\/schema\/logo\/image\/"}}]}},"_links":{"self":[{"href":"https:\/\/trajetoja.org\/en\/wp-json\/wp\/v2\/pages\/1489"}],"collection":[{"href":"https:\/\/trajetoja.org\/en\/wp-json\/wp\/v2\/pages"}],"about":[{"href":"https:\/\/trajetoja.org\/en\/wp-json\/wp\/v2\/types\/page"}],"author":[{"embeddable":true,"href":"https:\/\/trajetoja.org\/en\/wp-json\/wp\/v2\/users\/1"}],"replies":[{"embeddable":true,"href":"https:\/\/trajetoja.org\/en\/wp-json\/wp\/v2\/comments?post=1489"}],"version-history":[{"count":1,"href":"https:\/\/trajetoja.org\/en\/wp-json\/wp\/v2\/pages\/1489\/revisions"}],"predecessor-version":[{"id":1490,"href":"https:\/\/trajetoja.org\/en\/wp-json\/wp\/v2\/pages\/1489\/revisions\/1490"}],"wp:attachment":[{"href":"https:\/\/trajetoja.org\/en\/wp-json\/wp\/v2\/media?parent=1489"}],"curies":[{"name":"wp","href":"https:\/\/api.w.org\/{rel}","templated":true}]}}